{"id":342,"date":"2025-12-11T09:25:45","date_gmt":"2025-12-11T09:25:45","guid":{"rendered":"https:\/\/kaffeewerkstatt.com\/?page_id=342"},"modified":"2025-12-11T09:26:49","modified_gmt":"2025-12-11T09:26:49","slug":"impressum","status":"publish","type":"page","link":"https:\/\/kaffeewerkstatt.com\/index.php\/impressum\/","title":{"rendered":"Impressum"},"content":{"rendered":"\t\t<div data-elementor-type=\"wp-page\" data-elementor-id=\"342\" class=\"elementor elementor-342\" data-elementor-post-type=\"page\">\n\t\t\t\t\t\t<section class=\"elementor-section elementor-top-section elementor-element elementor-element-78ede96e elementor-section-boxed elementor-section-height-default elementor-section-height-default\" data-id=\"78ede96e\" data-element_type=\"section\" data-settings=\"{&quot;background_background&quot;:&quot;classic&quot;}\">\n\t\t\t\t\t\t<div class=\"elementor-container elementor-column-gap-default\">\n\t\t\t\t\t<div class=\"elementor-column elementor-col-100 elementor-top-column elementor-element elementor-element-6b2758a9\" data-id=\"6b2758a9\" data-element_type=\"column\">\n\t\t\t<div class=\"elementor-widget-wrap elementor-element-populated\">\n\t\t\t\t\t\t<div class=\"elementor-element elementor-element-551fe9d2 elementor-widget elementor-widget-text-editor\" data-id=\"551fe9d2\" data-element_type=\"widget\" data-widget_type=\"text-editor.default\">\n\t\t\t\t<div class=\"elementor-widget-container\">\n\t\t\t\t\t\t\t\t\t<h2>Impressum<\/h2><h5>Angaben gem\u00e4\u00df \u00a7 5 TMG<\/h5><p><strong>Verantwortlich f\u00fcr die Inhalte:<\/strong><\/p><p>Massimo Ciardi<\/p><p><strong>Inhaber:<\/strong><\/p><p>KAFFEEWERKSTATT<br \/>Massimo Ciardi<br \/>Freib\u00fchlstra\u00dfe 21<br \/>78224 Singen<\/p><p>E-Mail: info@kaffeewerkstatt.com<\/p><p>Eingetragen bei der Handwerkskammer &#8230;<br \/>USt-IdNr: DE327985041<\/p><pre>Bilder von:<br \/>StockSnap auf Pixabay<br \/>Pexels auf Pixabay <br \/>David Stephanus auf Pixabay <br \/>Haroldas Bagdisanka auf Pixabay <br \/>Ratfink1973 auf Pixabay <br \/>Monfocus auf Pixabay <br \/>Andrew Jones auf Pixabay <br \/>Dominika Roseclay von Pexels<br \/>Charlotte May von Pexels<br \/>Lisa von Pexels<br \/>Vlada Karpovich von Pexels<br \/>Charlotte May von Pexels<br \/>Ketut Subiyanto von Pexels<br \/>EllWi auf Pixabay<\/pre>\t\t\t\t\t\t\t\t<\/div>\n\t\t\t\t<\/div>\n\t\t\t\t\t<\/div>\n\t\t<\/div>\n\t\t\t\t\t<\/div>\n\t\t<\/section>\n\t\t\t\t<\/div>\n\t\t","protected":false},"excerpt":{"rendered":"<p>Impressum Angaben gem\u00e4\u00df \u00a7 5 TMG Verantwortlich f\u00fcr die Inhalte: Massimo Ciardi Inhaber: KAFFEEWERKSTATTMassimo CiardiFreib\u00fchlstra\u00dfe 2178224 Singen E-Mail: info@kaffeewerkstatt.com Eingetragen bei der Handwerkskammer &#8230;USt-IdNr: DE327985041 Bilder von:StockSnap auf PixabayPexels auf Pixabay David Stephanus auf Pixabay Haroldas Bagdisanka auf Pixabay Ratfink1973 auf Pixabay Monfocus auf Pixabay Andrew Jones auf Pixabay Dominika Roseclay von PexelsCharlotte May von&hellip; <a class=\"more-link\" href=\"https:\/\/kaffeewerkstatt.com\/index.php\/impressum\/\"><span class=\"screen-reader-text\">Impressum<\/span> weiterlesen<\/a><\/p>\n","protected":false},"author":1,"featured_media":0,"parent":0,"menu_order":0,"comment_status":"closed","ping_status":"closed","template":"elementor_header_footer","meta":{"footnotes":""},"class_list":["post-342","page","type-page","status-publish","hentry","entry"],"_links":{"self":[{"href":"https:\/\/kaffeewerkstatt.com\/index.php\/wp-json\/wp\/v2\/pages\/342","targetHints":{"allow":["GET"]}}],"collection":[{"href":"https:\/\/kaffeewerkstatt.com\/index.php\/wp-json\/wp\/v2\/pages"}],"about":[{"href":"https:\/\/kaffeewerkstatt.com\/index.php\/wp-json\/wp\/v2\/types\/page"}],"author":[{"embeddable":true,"href":"https:\/\/kaffeewerkstatt.com\/index.php\/wp-json\/wp\/v2\/users\/1"}],"replies":[{"embeddable":true,"href":"https:\/\/kaffeewerkstatt.com\/index.php\/wp-json\/wp\/v2\/comments?post=342"}],"version-history":[{"count":5,"href":"https:\/\/kaffeewerkstatt.com\/index.php\/wp-json\/wp\/v2\/pages\/342\/revisions"}],"predecessor-version":[{"id":347,"href":"https:\/\/kaffeewerkstatt.com\/index.php\/wp-json\/wp\/v2\/pages\/342\/revisions\/347"}],"wp:attachment":[{"href":"https:\/\/kaffeewerkstatt.com\/index.php\/wp-json\/wp\/v2\/media?parent=342"}],"curies":[{"name":"wp","href":"https:\/\/api.w.org\/{rel}","templated":true}]}}